{"id":45,"date":"2019-01-16T12:36:04","date_gmt":"2019-01-16T12:36:04","guid":{"rendered":"http:\/\/mackowiakmeble.com\/?page_id=45"},"modified":"2019-01-16T18:45:41","modified_gmt":"2019-01-16T18:45:41","slug":"oferta","status":"publish","type":"page","link":"https:\/\/mackowiakmeble.com\/index.php\/oferta\/","title":{"rendered":"Oferta"},"content":{"rendered":"<p>Cho\u0107 ci\u0119\u017cko jest wymieni\u0107 i skategoryzowa\u0107 ca\u0142y zakres us\u0142ug, kt\u00f3re oferujemy, to nasze dzia\u0142ania g\u0142\u00f3wnie skupiaj\u0105 si\u0119 wok\u00f3\u0142 wykonywania takich produkt\u00f3w, jak:<\/p>\n<ul>\n<li style=\"text-align: left;\">meble kuchenne (w stylu nowoczesnym, tradycyjnym, angielskim i wielu innych)<\/li>\n<li style=\"text-align: left;\">szafy wn\u0119kowe<\/li>\n<li style=\"text-align: left;\">garderoby<\/li>\n<li style=\"text-align: left;\">komody<\/li>\n<li style=\"text-align: left;\">stoliki RTV<\/li>\n<li style=\"text-align: left;\">rega\u0142y<\/li>\n<li style=\"text-align: left;\">meble dzieci\u0119ce<\/li>\n<li style=\"text-align: left;\">meble \u0142azienkowe<\/li>\n<li style=\"text-align: left;\">meblo\u015bcianki<\/li>\n<li style=\"text-align: left;\">meble biurowe<\/li>\n<li style=\"text-align: left;\">specjalne meble i zabudowy &#8211; jeste\u015bmy w stanie sprosta\u0107 wi\u0119kszo\u015bci oczekiwa\u0144 klienta.<\/li>\n<\/ul>\n<div style=\"text-align: left;\">Mieli\u015bmy r\u00f3wnie\u017c przyjemno\u015b\u0107 uczestniczy\u0107 przy wykonywaniu altan i taras\u00f3w.<\/div>\n<div style=\"text-align: left;\">Na ka\u017cde pytanie ch\u0119tnie odpowiemy telefonicznie lub poprzez wiadomo\u015b\u0107 email. Dane kontaktowe znajduj\u0105 si\u0119 mi\u0119dzy innymi na dole strony.<\/div>\n","protected":false},"excerpt":{"rendered":"<p>Cho\u0107 ci\u0119\u017cko jest wymieni\u0107 i skategoryzowa\u0107 ca\u0142y zakres us\u0142ug, kt\u00f3re oferujemy, to nasze dzia\u0142ania g\u0142\u00f3wnie skupiaj\u0105 si\u0119 wok\u00f3\u0142 wykonywania takich produkt\u00f3w, jak: meble kuchenne (w stylu nowoczesnym, tradycyjnym, angielskim i wielu innych) szafy wn\u0119kowe garderoby komody stoliki RTV rega\u0142y meble dzieci\u0119ce meble \u0142azienkowe meblo\u015bcianki meble biurowe specjalne meble i zabudowy &#8211; jeste\u015bmy w stanie sprosta\u0107 <a href=\"https:\/\/mackowiakmeble.com\/index.php\/oferta\/\" rel=\"nofollow\"><span class=\"sr-only\">Read more about Oferta<\/span>[&hellip;]<\/a><\/p>\n","protected":false},"author":1,"featured_media":0,"parent":0,"menu_order":0,"comment_status":"closed","ping_status":"closed","template":"template-fullwidth-no-title.php","meta":{"_monsterinsights_skip_tracking":false,"_monsterinsights_sitenote_active":false,"_monsterinsights_sitenote_note":"","_monsterinsights_sitenote_category":0,"footnotes":""},"class_list":["post-45","page","type-page","status-publish","hentry"],"_links":{"self":[{"href":"https:\/\/mackowiakmeble.com\/index.php\/wp-json\/wp\/v2\/pages\/45","targetHints":{"allow":["GET"]}}],"collection":[{"href":"https:\/\/mackowiakmeble.com\/index.php\/wp-json\/wp\/v2\/pages"}],"about":[{"href":"https:\/\/mackowiakmeble.com\/index.php\/wp-json\/wp\/v2\/types\/page"}],"author":[{"embeddable":true,"href":"https:\/\/mackowiakmeble.com\/index.php\/wp-json\/wp\/v2\/users\/1"}],"replies":[{"embeddable":true,"href":"https:\/\/mackowiakmeble.com\/index.php\/wp-json\/wp\/v2\/comments?post=45"}],"version-history":[{"count":3,"href":"https:\/\/mackowiakmeble.com\/index.php\/wp-json\/wp\/v2\/pages\/45\/revisions"}],"predecessor-version":[{"id":72,"href":"https:\/\/mackowiakmeble.com\/index.php\/wp-json\/wp\/v2\/pages\/45\/revisions\/72"}],"wp:attachment":[{"href":"https:\/\/mackowiakmeble.com\/index.php\/wp-json\/wp\/v2\/media?parent=45"}],"curies":[{"name":"wp","href":"https:\/\/api.w.org\/{rel}","templated":true}]}}